{"id":25658,"date":"2020-10-26T12:15:26","date_gmt":"2020-10-26T12:15:26","guid":{"rendered":"https:\/\/futurelink.earth\/akademie\/?page_id=25658"},"modified":"2020-11-05T15:06:56","modified_gmt":"2020-11-05T15:06:56","slug":"katzen-danke","status":"publish","type":"page","link":"https:\/\/futurelink.earth\/akademie\/katzen-danke\/","title":{"rendered":"Katzen Danke"},"content":{"rendered":"<p>[et_pb_section fb_built=&#8220;1&#8243; fullwidth=&#8220;on&#8220; next_background_color=&#8220;#d29f68&#8243; admin_label=&#8220;Header Section&#8220; _builder_version=&#8220;3.22&#8243; background_color=&#8220;#000000&#8243; bottom_divider_style=&#8220;ramp&#8220; bottom_divider_flip=&#8220;horizontal&#8220; da_disable_devices=&#8220;off|off|off&#8220; da_is_popup=&#8220;off&#8220; da_exit_intent=&#8220;off&#8220; da_has_close=&#8220;on&#8220; da_alt_close=&#8220;off&#8220; da_dark_close=&#8220;off&#8220; da_not_modal=&#8220;on&#8220; da_is_singular=&#8220;off&#8220; da_with_loader=&#8220;off&#8220; da_has_shadow=&#8220;on&#8220;][et_pb_fullwidth_header subhead=&#8220;Danke f\u00fcr dein Interesse und Engagement!&#8220; button_one_text=&#8220;Zum Gespr\u00e4ch!&#8220; button_one_url=&#8220;https:\/\/socialsculpturista.youcanbook.me&#8220; button_two_text=&#8220;Besuche uns!&#8220; button_two_url=&#8220;https:\/\/deineentscheidung.in\/tierschutz&#8220; content_max_width=&#8220;640px&#8220; _builder_version=&#8220;4.6.6&#8243; title_font=&#8220;Oswald|||on|||||&#8220; title_font_size=&#8220;20px&#8220; title_letter_spacing=&#8220;3px&#8220; title_line_height=&#8220;1.5em&#8220; content_font=&#8220;Lora||||||||&#8220; content_font_size=&#8220;22px&#8220; content_line_height=&#8220;2em&#8220; subhead_font=&#8220;Lora|700|||||||&#8220; subhead_font_size=&#8220;80px&#8220; subhead_line_height=&#8220;1.5em&#8220; background_color=&#8220;rgba(255,255,255,0)&#8220; background_image=&#8220;https:\/\/futurelink.earth\/akademie\/wp-content\/uploads\/sites\/8\/2020\/10\/Katzenfuttern-1920&#215;990-1.png&#8220; parallax=&#8220;on&#8220; parallax_method=&#8220;on&#8220; custom_button_one=&#8220;on&#8220; button_one_text_size=&#8220;16px&#8220; button_one_text_color=&#8220;#ffffff&#8220; button_one_bg_color=&#8220;#d29f68&#8243; button_one_border_width=&#8220;15px&#8220; button_one_border_color=&#8220;rgba(210,159,104,0)&#8220; button_one_border_radius=&#8220;100px&#8220; button_one_letter_spacing=&#8220;3px&#8220; button_one_font=&#8220;Oswald|||on|||||&#8220; button_one_use_icon=&#8220;off&#8220; button_one_custom_margin=&#8220;43px||26px||false|false&#8220; button_one_custom_padding=&#8220;0px||||false|false&#8220; custom_button_two=&#8220;on&#8220; button_two_text_size=&#8220;16px&#8220; button_two_text_color=&#8220;#ffffff&#8220; button_two_bg_color=&#8220;rgba(255,255,255,0.35)&#8220; button_two_border_width=&#8220;15px&#8220; button_two_border_color=&#8220;rgba(0,0,0,0)&#8220; button_two_border_radius=&#8220;100px&#8220; button_two_letter_spacing=&#8220;3px&#8220; button_two_font=&#8220;Oswald|||on|||||&#8220; button_two_use_icon=&#8220;off&#8220; custom_margin=&#8220;0px||||false|false&#8220; custom_padding=&#8220;0vw||0vw||true|false&#8220; animation_style=&#8220;zoom&#8220; animation_duration=&#8220;2000ms&#8220; animation_intensity_zoom=&#8220;4%&#8220; subhead_font_size_tablet=&#8220;80px&#8220; subhead_font_size_phone=&#8220;50px&#8220; subhead_font_size_last_edited=&#8220;on|desktop&#8220; button_one_border_radius_hover=&#8220;100px&#8220; button_one_bg_color_hover=&#8220;#cc8d66&#8243; button_two_bg_color_hover=&#8220;#d29f68&#8243; button_one_text_size__hover_enabled=&#8220;off&#8220; button_two_text_size__hover_enabled=&#8220;off&#8220; button_one_text_color__hover_enabled=&#8220;off&#8220; button_two_text_color__hover_enabled=&#8220;off&#8220; button_one_border_width__hover_enabled=&#8220;off&#8220; button_two_border_width__hover_enabled=&#8220;off&#8220; button_one_border_color__hover_enabled=&#8220;off&#8220; button_two_border_color__hover_enabled=&#8220;off&#8220; button_one_border_radius__hover_enabled=&#8220;on&#8220; button_one_border_radius__hover=&#8220;100px&#8220; button_two_border_radius__hover_enabled=&#8220;off&#8220; button_one_letter_spacing__hover_enabled=&#8220;off&#8220; button_two_letter_spacing__hover_enabled=&#8220;off&#8220; button_one_bg_color__hover_enabled=&#8220;on&#8220; button_one_bg_color__hover=&#8220;#cc8d66&#8243; button_two_bg_color__hover_enabled=&#8220;on&#8220; button_two_bg_color__hover=&#8220;#d29f68&#8243;][\/et_pb_fullwidth_header][\/et_pb_section][et_pb_section fb_built=&#8220;1&#8243; next_background_color=&#8220;#232220&#8243; admin_label=&#8220;Learn Section&#8220; _builder_version=&#8220;4.6.6&#8243; background_color=&#8220;#d29f68&#8243; custom_padding=&#8220;80px|0px|120px|0px|false|false&#8220; bottom_divider_style=&#8220;ramp&#8220; bottom_divider_flip=&#8220;horizontal&#8220; hover_enabled=&#8220;0&#8243; da_disable_devices=&#8220;off|off|off&#8220; locked=&#8220;off&#8220; sticky_enabled=&#8220;0&#8243; da_is_popup=&#8220;off&#8220; da_exit_intent=&#8220;off&#8220; da_has_close=&#8220;on&#8220; da_alt_close=&#8220;off&#8220; da_dark_close=&#8220;off&#8220; da_not_modal=&#8220;on&#8220; da_is_singular=&#8220;off&#8220; da_with_loader=&#8220;off&#8220; da_has_shadow=&#8220;on&#8220;][et_pb_row _builder_version=&#8220;3.25&#8243;][et_pb_column type=&#8220;4_4&#8243; _builder_version=&#8220;3.25&#8243; custom_padding=&#8220;|||&#8220; custom_padding__hover=&#8220;|||&#8220;][et_pb_text _builder_version=&#8220;3.27.4&#8243; text_font=&#8220;Lora||||||||&#8220; text_font_size=&#8220;18px&#8220; text_line_height=&#8220;2em&#8220; header_font=&#8220;||||||||&#8220; header_2_font=&#8220;Lora|700|||||||&#8220; header_2_font_size=&#8220;50px&#8220; header_2_line_height=&#8220;1.5em&#8220; header_5_font=&#8220;Oswald|||on|||||&#8220; header_5_text_color=&#8220;rgba(255,255,255,0.4)&#8220; header_5_font_size=&#8220;20px&#8220; header_5_letter_spacing=&#8220;3px&#8220; header_5_line_height=&#8220;1.7em&#8220; text_orientation=&#8220;center&#8220; background_layout=&#8220;dark&#8220; max_width=&#8220;750px&#8220; module_alignment=&#8220;center&#8220; custom_padding=&#8220;|||&#8220; text_line_height_last_edited=&#8220;off|desktop&#8220; header_2_font_size_tablet=&#8220;&#8220; header_2_font_size_phone=&#8220;36px&#8220; header_2_font_size_last_edited=&#8220;on|desktop&#8220;]<\/p>\n<h5>Wissen<\/h5>\n<h2>Tier Adoption<\/h2>\n<p>[\/et_pb_text][\/et_pb_column][\/et_pb_row][et_pb_row column_structure=&#8220;1_2,1_2&#8243; _builder_version=&#8220;3.25&#8243;][et_pb_column type=&#8220;1_2&#8243; _builder_version=&#8220;3.25&#8243; custom_padding=&#8220;|||&#8220; custom_padding__hover=&#8220;|||&#8220;][et_pb_text _builder_version=&#8220;4.6.6&#8243; text_font=&#8220;Lora||||||||&#8220; text_font_size=&#8220;18px&#8220; text_line_height=&#8220;2em&#8220; link_font=&#8220;||||||||&#8220; ul_font=&#8220;||||||||&#8220; ol_font=&#8220;||||||||&#8220; quote_font=&#8220;||||||||&#8220; header_font=&#8220;||||||||&#8220; header_2_font=&#8220;||||||||&#8220; header_3_font=&#8220;Oswald|||on|||||&#8220; header_3_font_size=&#8220;20px&#8220; header_3_letter_spacing=&#8220;3px&#8220; header_3_line_height=&#8220;1.5em&#8220; header_4_font=&#8220;||||||||&#8220; background_layout=&#8220;dark&#8220; max_width=&#8220;600px&#8220; text_line_height_last_edited=&#8220;off|desktop&#8220;]<\/p>\n<h3>adoptieren oder kaufen<\/h3>\n<p>Ein Tier aufnehmen hat immer mit langfristiger Verantwortung zu tun. Es ist wie eine Partnerschaft. Die Chemie muss stimmen. Daher solltest du dein zuk\u00fcnftiges Haustier immer erst kennenlernen bevor du es aufnimmst. Wenn du ein \u00e4lteres Tier zu dir nimmst, denk dran es hatte ein Leben vor dir. Oftmals kein Gutes, es ist davon gepr\u00e4gt.<\/p>\n<p>[\/et_pb_text][et_pb_button button_url=&#8220;https:\/\/futurelink.earth\/akademie\/wp-content\/uploads\/sites\/8\/2020\/10\/Adoptionsfragebogen-Pigadoulia.pdf&#8220; url_new_window=&#8220;on&#8220; button_text=&#8220;Antrag f\u00fcr Adoption&#8220; button_alignment=&#8220;left&#8220; _builder_version=&#8220;4.6.6&#8243; custom_button=&#8220;on&#8220; button_text_size=&#8220;16px&#8220; button_text_color=&#8220;#232220&#8243; button_bg_color=&#8220;rgba(255,255,255,0.49)&#8220; button_border_width=&#8220;6px&#8220; button_border_color=&#8220;rgba(209,189,175,0)&#8220; button_border_radius=&#8220;100px&#8220; button_letter_spacing=&#8220;3px&#8220; button_font=&#8220;Oswald|||on|||||&#8220; button_use_icon=&#8220;off&#8220; background_layout=&#8220;dark&#8220; custom_margin=&#8220;|||&#8220; button_bg_color_hover=&#8220;#ffffff&#8220; locked=&#8220;off&#8220; button_text_size__hover_enabled=&#8220;off&#8220; button_one_text_size__hover_enabled=&#8220;off&#8220; button_two_text_size__hover_enabled=&#8220;off&#8220; button_text_color__hover_enabled=&#8220;off&#8220; button_one_text_color__hover_enabled=&#8220;off&#8220; button_two_text_color__hover_enabled=&#8220;off&#8220; button_border_width__hover_enabled=&#8220;off&#8220; button_one_border_width__hover_enabled=&#8220;off&#8220; button_two_border_width__hover_enabled=&#8220;off&#8220; button_border_color__hover_enabled=&#8220;off&#8220; button_one_border_color__hover_enabled=&#8220;off&#8220; button_two_border_color__hover_enabled=&#8220;off&#8220; button_border_radius__hover_enabled=&#8220;off&#8220; button_one_border_radius__hover_enabled=&#8220;off&#8220; button_two_border_radius__hover_enabled=&#8220;off&#8220; button_letter_spacing__hover_enabled=&#8220;off&#8220; button_one_letter_spacing__hover_enabled=&#8220;off&#8220; button_two_letter_spacing__hover_enabled=&#8220;off&#8220; button_bg_color__hover_enabled=&#8220;on&#8220; button_bg_color__hover=&#8220;#ffffff&#8220; button_one_bg_color__hover_enabled=&#8220;off&#8220; button_two_bg_color__hover_enabled=&#8220;off&#8220;][\/et_pb_button][\/et_pb_column][et_pb_column type=&#8220;1_2&#8243; _builder_version=&#8220;3.25&#8243; custom_padding=&#8220;|||&#8220; custom_padding__hover=&#8220;|||&#8220;][et_pb_text _builder_version=&#8220;4.6.6&#8243; text_font=&#8220;Lora||||||||&#8220; text_font_size=&#8220;18px&#8220; text_line_height=&#8220;2em&#8220; link_font=&#8220;||||||||&#8220; ul_font=&#8220;||||||||&#8220; ol_font=&#8220;||||||||&#8220; quote_font=&#8220;||||||||&#8220; header_font=&#8220;||||||||&#8220; header_2_font=&#8220;||||||||&#8220; header_3_font=&#8220;Oswald|||on|||||&#8220; header_3_font_size=&#8220;20px&#8220; header_3_letter_spacing=&#8220;3px&#8220; header_3_line_height=&#8220;1.5em&#8220; header_4_font=&#8220;||||||||&#8220; background_layout=&#8220;dark&#8220; max_width=&#8220;600px&#8220; text_line_height_last_edited=&#8220;off|desktop&#8220;]<\/p>\n<h3>Wie du das passende Tier findest<\/h3>\n<p>Was du beachten solltest ist Rasse, Herkunftsland und Lebensart. Ein Jagdhund, der 1 oder 2 Jahre in Freiheit gelebt hat, ist kein Stadthund. Eine Katze, die von einer wilden Mutter aufgezogen wurde, sieht Menschen als Gefahr und braucht Monate bis sie sich f\u00fcr Menschen entscheidet und sie wird immer souver\u00e4ner Freig\u00e4nger bleiben wollen.<\/p>\n<p>[\/et_pb_text][et_pb_button button_url=&#8220;https:\/\/www.mein-haustier.de\/magazin\/haustier-welches-passt-zu-mir\/&#8220; url_new_window=&#8220;on&#8220; button_text=&#8220;Mehr zum Thema&#8220; button_alignment=&#8220;left&#8220; _builder_version=&#8220;4.6.6&#8243; custom_button=&#8220;on&#8220; button_text_size=&#8220;16px&#8220; button_text_color=&#8220;#232220&#8243; button_bg_color=&#8220;rgba(255,255,255,0.49)&#8220; button_border_width=&#8220;6px&#8220; button_border_color=&#8220;rgba(209,189,175,0)&#8220; button_border_radius=&#8220;100px&#8220; button_letter_spacing=&#8220;3px&#8220; button_font=&#8220;Oswald|||on|||||&#8220; button_use_icon=&#8220;off&#8220; background_layout=&#8220;dark&#8220; custom_margin=&#8220;|||&#8220; button_bg_color_hover=&#8220;#ffffff&#8220; locked=&#8220;off&#8220; button_text_size__hover_enabled=&#8220;off&#8220; button_one_text_size__hover_enabled=&#8220;off&#8220; button_two_text_size__hover_enabled=&#8220;off&#8220; button_text_color__hover_enabled=&#8220;off&#8220; button_one_text_color__hover_enabled=&#8220;off&#8220; button_two_text_color__hover_enabled=&#8220;off&#8220; button_border_width__hover_enabled=&#8220;off&#8220; button_one_border_width__hover_enabled=&#8220;off&#8220; button_two_border_width__hover_enabled=&#8220;off&#8220; button_border_color__hover_enabled=&#8220;off&#8220; button_one_border_color__hover_enabled=&#8220;off&#8220; button_two_border_color__hover_enabled=&#8220;off&#8220; button_border_radius__hover_enabled=&#8220;off&#8220; button_one_border_radius__hover_enabled=&#8220;off&#8220; button_two_border_radius__hover_enabled=&#8220;off&#8220; button_letter_spacing__hover_enabled=&#8220;off&#8220; button_one_letter_spacing__hover_enabled=&#8220;off&#8220; button_two_letter_spacing__hover_enabled=&#8220;off&#8220; button_bg_color__hover_enabled=&#8220;on&#8220; button_bg_color__hover=&#8220;#ffffff&#8220; button_one_bg_color__hover_enabled=&#8220;off&#8220; button_two_bg_color__hover_enabled=&#8220;off&#8220;][\/et_pb_button][\/et_pb_column][\/et_pb_row][\/et_pb_section][et_pb_section fb_built=&#8220;1&#8243; admin_label=&#8220;Footer Section&#8220; _builder_version=&#8220;4.6.6&#8243; background_color=&#8220;#232220&#8243; use_background_color_gradient=&#8220;on&#8220; background_color_gradient_start=&#8220;#232220&#8243; background_color_gradient_end=&#8220;rgba(35,34,32,0.13)&#8220; background_color_gradient_start_position=&#8220;25%&#8220; background_color_gradient_overlays_image=&#8220;on&#8220; background_image=&#8220;https:\/\/futurelink.earth\/akademie\/wp-content\/uploads\/sites\/8\/2020\/10\/Tigris-1920&#215;990-1.png&#8220; custom_padding=&#8220;80px|0px|80px|0px|true|false&#8220; da_disable_devices=&#8220;off|off|off&#8220; saved_tabs=&#8220;all&#8220; da_is_popup=&#8220;off&#8220; da_exit_intent=&#8220;off&#8220; da_has_close=&#8220;on&#8220; da_alt_close=&#8220;off&#8220; da_dark_close=&#8220;off&#8220; da_not_modal=&#8220;on&#8220; da_is_singular=&#8220;off&#8220; da_with_loader=&#8220;off&#8220; da_has_shadow=&#8220;on&#8220;][et_pb_row column_structure=&#8220;1_4,1_2,1_4&#8243; admin_label=&#8220;Subscribe&#8220; _builder_version=&#8220;3.25&#8243; custom_margin=&#8220;-67px|auto||auto||&#8220; custom_padding=&#8220;|||&#8220; animation_style=&#8220;zoom&#8220; animation_intensity_zoom=&#8220;5%&#8220;][et_pb_column type=&#8220;1_4&#8243; _builder_version=&#8220;3.25&#8243; custom_padding=&#8220;|||&#8220; custom_padding__hover=&#8220;|||&#8220;][\/et_pb_column][et_pb_column type=&#8220;1_2&#8243; _builder_version=&#8220;3.25&#8243; custom_padding=&#8220;|||&#8220; custom_padding__hover=&#8220;|||&#8220;][et_pb_text _builder_version=&#8220;4.6.6&#8243; text_font=&#8220;Lora||||||||&#8220; text_font_size=&#8220;18px&#8220; text_line_height=&#8220;2em&#8220; header_font=&#8220;||||||||&#8220; header_2_font=&#8220;Lora|700|||||||&#8220; header_2_font_size=&#8220;50px&#8220; header_2_line_height=&#8220;1.5em&#8220; header_5_font=&#8220;Oswald|||on|||||&#8220; header_5_text_color=&#8220;rgba(255,255,255,0.4)&#8220; header_5_font_size=&#8220;20px&#8220; header_5_letter_spacing=&#8220;3px&#8220; header_5_line_height=&#8220;1.7em&#8220; text_orientation=&#8220;center&#8220; background_layout=&#8220;dark&#8220; max_width=&#8220;750px&#8220; module_alignment=&#8220;center&#8220; custom_padding=&#8220;|||&#8220; text_line_height_last_edited=&#8220;off|desktop&#8220; header_2_font_size_tablet=&#8220;&#8220; header_2_font_size_phone=&#8220;36px&#8220; header_2_font_size_last_edited=&#8220;on|desktop&#8220;]<\/p>\n<h5>D\u00fcrfen wir dich anschreiben?<\/h5>\n<h2>Trage dich bitte in die Liste ein!<\/h2>\n<p>[\/et_pb_text][et_pb_signup provider=&#8220;activecampaign&#8220; activecampaign_list=&#8220;add_new_account&#8220; activecampaign_account_name=&#8220;netconsa&#8220; activecampaign_api_key=&#8220;8d3c8dce7f512d2a05d7e6ad787dfd5bb1a3f9297bcb33a1a5af14e3c2c5fee28665826e&#8220; activecampaign_api_url=&#8220;https:\/\/netconsa.api-us1.com&#8220; activecampaign_form_id=&#8220;46&#8243; first_name_field=&#8220;off&#8220; last_name_field=&#8220;off&#8220; button_text=&#8220;Absenden&#8220; description=&#8220;<\/p>\n<p>Deine Daten sind bei uns sicher. Wir schreiben dich nur selten und bei besonderen Anl\u00e4ssen an.<\/p>\n<p>&#8220; _builder_version=&#8220;4.6.6&#8243; form_field_background_color=&#8220;rgba(255,255,255,0.24)&#8220; form_field_text_color=&#8220;#ffffff&#8220; form_field_focus_background_color=&#8220;#ffffff&#8220; form_field_focus_text_color=&#8220;#000000&#8243; header_font=&#8220;Lora|700|||||||&#8220; header_font_size=&#8220;50px&#8220; header_line_height=&#8220;1.5em&#8220; body_font=&#8220;Lora||||||||&#8220; body_font_size=&#8220;18px&#8220; body_line_height=&#8220;2em&#8220; result_message_font=&#8220;||||||||&#8220; use_background_color=&#8220;off&#8220; custom_button=&#8220;on&#8220; button_text_size=&#8220;16px&#8220; button_bg_color=&#8220;#d29f68&#8243; button_border_width=&#8220;15px&#8220; button_border_color=&#8220;rgba(210,159,104,0)&#8220; button_border_radius=&#8220;59px&#8220; button_letter_spacing=&#8220;3px&#8220; button_font=&#8220;Oswald|||on|||||&#8220; button_use_icon=&#8220;off&#8220; text_orientation=&#8220;center&#8220; header_font_size_tablet=&#8220;&#8220; header_font_size_phone=&#8220;36px&#8220; header_font_size_last_edited=&#8220;on|desktop&#8220; border_radii_fields=&#8220;on|30px|30px|30px|30px&#8220; button_bg_color_hover=&#8220;#cc8d66&#8243; focus_background_color=&#8220;#ffffff&#8220; focus_text_color=&#8220;#000000&#8243; button_text_size__hover_enabled=&#8220;off&#8220; button_one_text_size__hover_enabled=&#8220;off&#8220; button_two_text_size__hover_enabled=&#8220;off&#8220; button_text_color__hover_enabled=&#8220;off&#8220; button_one_text_color__hover_enabled=&#8220;off&#8220; button_two_text_color__hover_enabled=&#8220;off&#8220; button_border_width__hover_enabled=&#8220;off&#8220; button_one_border_width__hover_enabled=&#8220;off&#8220; button_two_border_width__hover_enabled=&#8220;off&#8220; button_border_color__hover_enabled=&#8220;off&#8220; button_one_border_color__hover_enabled=&#8220;off&#8220; button_two_border_color__hover_enabled=&#8220;off&#8220; button_border_radius__hover_enabled=&#8220;off&#8220; button_one_border_radius__hover_enabled=&#8220;off&#8220; button_two_border_radius__hover_enabled=&#8220;off&#8220; button_letter_spacing__hover_enabled=&#8220;off&#8220; button_one_letter_spacing__hover_enabled=&#8220;off&#8220; button_two_letter_spacing__hover_enabled=&#8220;off&#8220; button_bg_color__hover_enabled=&#8220;on&#8220; button_bg_color__hover=&#8220;#cc8d66&#8243; button_one_bg_color__hover_enabled=&#8220;off&#8220; button_two_bg_color__hover_enabled=&#8220;off&#8220;][\/et_pb_signup][et_pb_social_media_follow _builder_version=&#8220;4.6.6&#8243; text_orientation=&#8220;center&#8220; custom_margin=&#8220;100px|||&#8220;][et_pb_social_media_follow_network social_network=&#8220;facebook&#8220; _builder_version=&#8220;3.0.105&#8243; background_color=&#8220;rgba(255,255,255,0.1)&#8220; custom_margin=&#8220;|10px||10px&#8220; custom_padding=&#8220;20px|20px|20px|20px&#8220; border_radii=&#8220;on|50px|50px|50px|50px&#8220; follow_button=&#8220;off&#8220; url_new_window=&#8220;on&#8220;]facebook[\/et_pb_social_media_follow_network][et_pb_social_media_follow_network social_network=&#8220;instagram&#8220; _builder_version=&#8220;3.0.105&#8243; background_color=&#8220;rgba(255,255,255,0.1)&#8220; custom_margin=&#8220;|10px||10px&#8220; custom_padding=&#8220;20px|20px|20px|20px&#8220; border_radii=&#8220;on|50px|50px|50px|50px&#8220; follow_button=&#8220;off&#8220; url_new_window=&#8220;on&#8220;]instagram[\/et_pb_social_media_follow_network][et_pb_social_media_follow_network social_network=&#8220;youtube&#8220; _builder_version=&#8220;3.0.105&#8243; background_color=&#8220;rgba(255,255,255,0.1)&#8220; custom_margin=&#8220;|10px||10px&#8220; custom_padding=&#8220;20px|20px|20px|20px&#8220; border_radii=&#8220;on|50px|50px|50px|50px&#8220; follow_button=&#8220;off&#8220; url_new_window=&#8220;on&#8220;]youtube[\/et_pb_social_media_follow_network][\/et_pb_social_media_follow][\/et_pb_column][et_pb_column type=&#8220;1_4&#8243; _builder_version=&#8220;3.25&#8243; custom_padding=&#8220;|||&#8220; custom_padding__hover=&#8220;|||&#8220;][\/et_pb_column][\/et_pb_row][\/et_pb_section]<\/p>\n","protected":false},"excerpt":{"rendered":"<p>Wissen Tier Adoptionadoptieren oder kaufen Ein Tier aufnehmen hat immer mit langfristiger Verantwortung zu tun. Es ist wie eine Partnerschaft. Die Chemie muss stimmen. Daher solltest du dein zuk\u00fcnftiges Haustier immer erst kennenlernen bevor du es aufnimmst. Wenn du ein \u00e4lteres Tier zu dir nimmst, denk dran es hatte ein Leben vor dir. Oftmals kein [&hellip;]<\/p>\n","protected":false},"author":2,"featured_media":0,"parent":0,"menu_order":0,"comment_status":"closed","ping_status":"closed","template":"page-template-blank.php","meta":{"_et_pb_use_builder":"on","_et_pb_old_content":"","_et_gb_content_width":"","footnotes":""},"class_list":["post-25658","page","type-page","status-publish","hentry"],"_links":{"self":[{"href":"https:\/\/futurelink.earth\/akademie\/wp-json\/wp\/v2\/pages\/25658","targetHints":{"allow":["GET"]}}],"collection":[{"href":"https:\/\/futurelink.earth\/akademie\/wp-json\/wp\/v2\/pages"}],"about":[{"href":"https:\/\/futurelink.earth\/akademie\/wp-json\/wp\/v2\/types\/page"}],"author":[{"embeddable":true,"href":"https:\/\/futurelink.earth\/akademie\/wp-json\/wp\/v2\/users\/2"}],"replies":[{"embeddable":true,"href":"https:\/\/futurelink.earth\/akademie\/wp-json\/wp\/v2\/comments?post=25658"}],"version-history":[{"count":2,"href":"https:\/\/futurelink.earth\/akademie\/wp-json\/wp\/v2\/pages\/25658\/revisions"}],"predecessor-version":[{"id":25669,"href":"https:\/\/futurelink.earth\/akademie\/wp-json\/wp\/v2\/pages\/25658\/revisions\/25669"}],"wp:attachment":[{"href":"https:\/\/futurelink.earth\/akademie\/wp-json\/wp\/v2\/media?parent=25658"}],"curies":[{"name":"wp","href":"https:\/\/api.w.org\/{rel}","templated":true}]}}